{"id":7019,"date":"2023-06-05T11:26:09","date_gmt":"2023-06-05T11:26:09","guid":{"rendered":"https:\/\/vstudios-agency.com\/?page_id=7019"},"modified":"2023-06-14T18:37:08","modified_gmt":"2023-06-14T18:37:08","slug":"onlyfans-in-2023","status":"publish","type":"page","link":"https:\/\/vstudios-agency.com\/es\/onlyfans-in-2023\/","title":{"rendered":"OnlyFans en 2023 - \u00bfSigue siendo rentable?"},"content":{"rendered":"<div data-elementor-type=\"wp-page\" data-elementor-id=\"7019\" class=\"elementor elementor-7019\" data-elementor-post-type=\"page\">\n\t\t\t\t\t\t<section class=\"elementor-section elementor-top-section elementor-element elementor-element-ff92ef2 elementor-section-boxed elementor-section-height-default elementor-section-height-default\" data-id=\"ff92ef2\" data-element_type=\"section\" data-settings=\"{&quot;jet_parallax_layout_list&quot;:[]}\">\n\t\t\t\t\t\t<div class=\"elementor-container elementor-column-gap-default\">\n\t\t\t\t\t<div class=\"elementor-column elementor-col-100 elementor-top-column elementor-element elementor-element-36fe30a\" data-id=\"36fe30a\" data-element_type=\"column\">\n\t\t\t<div class=\"elementor-widget-wrap\">\n\t\t\t\t\t\t\t<\/div>\n\t\t<\/div>\n\t\t\t\t\t<\/div>\n\t\t<\/section>\n\t\t\t\t<section class=\"elementor-section elementor-top-section elementor-element elementor-element-e60acbb elementor-section-boxed elementor-section-height-default elementor-section-height-default\" data-id=\"e60acbb\" data-element_type=\"section\" data-settings=\"{&quot;jet_parallax_layout_list&quot;:[]}\">\n\t\t\t\t\t\t<div class=\"elementor-container elementor-column-gap-default\">\n\t\t\t\t\t<div class=\"elementor-column elementor-col-100 elementor-top-column elementor-element elementor-element-c37dd2a\" data-id=\"c37dd2a\" data-element_type=\"column\">\n\t\t\t<div class=\"elementor-widget-wrap elementor-element-populated\">\n\t\t\t\t\t\t<div class=\"elementor-element elementor-element-7b4b3f8 elementor-widget elementor-widget-heading\" data-id=\"7b4b3f8\" data-element_type=\"widget\" data-widget_type=\"heading.default\">\n\t\t\t\t<div class=\"elementor-widget-container\">\n\t\t\t<h2 class=\"elementor-heading-title elementor-size-default\">SOBRE ONLYFANS<\/h2>\t\t<\/div>\n\t\t\t\t<\/div>\n\t\t\t\t<div class=\"elementor-element elementor-element-ac5f558 elementor-widget elementor-widget-text-editor\" data-id=\"ac5f558\" data-element_type=\"widget\" data-widget_type=\"text-editor.default\">\n\t\t\t\t<div class=\"elementor-widget-container\">\n\t\t\t\t\t\t\t<p>En los \u00faltimos a\u00f1os, se ha producido un cambio considerable. OnlyFans, que una vez fue una plataforma casi nicho y relativamente peque\u00f1a, ha aumentado exponencialmente su popularidad. Pocas industrias evolucionan tan r\u00e1pidamente o de manera tan dram\u00e1tica como la industria para adultos. Esta presenta constantemente nuevas estrategias y ofrece abundantes oportunidades de ganancias. Sin embargo, a pesar de todas estas ventajas, existe un inconveniente significativo: la intensidad de la competencia.<\/p><p>El ritmo acelerado de evoluci\u00f3n en la industria para adultos a menudo se asemeja a una espada de doble filo. Por un lado, fomenta la innovaci\u00f3n, empujando a los creadores a elevar constantemente el list\u00f3n y a desarrollar contenido que realmente destaque. Por otro lado, la velocidad a la que cambia la industria puede resultar abrumadora, con cada d\u00eda trayendo nuevos desaf\u00edos y competidores.<\/p><p>El ascenso mete\u00f3rico de OnlyFans es un testimonio de la cara cambiante de la industria del entretenimiento para adultos. Su modelo digital no solo ha ampliado los horizontes para los creadores, sino que tambi\u00e9n ha revolucionado la forma en que los consumidores interact\u00faan con el contenido. Sin embargo, la popularidad de la plataforma tambi\u00e9n ha llevado a una saturaci\u00f3n de creadores de contenido, lo que dificulta cada vez m\u00e1s que los creadores individuales ganen visibilidad y se destaquen.<\/p>\t\t\t\t\t\t<\/div>\n\t\t\t\t<\/div>\n\t\t\t\t<div class=\"elementor-element elementor-element-12ca485 elementor-hidden-tablet elementor-hidden-mobile elementor-widget elementor-widget-vlt-fancy-text\" data-id=\"12ca485\" data-element_type=\"widget\" data-widget_type=\"vlt-fancy-text.default\">\n\t\t\t\t<div class=\"elementor-widget-container\">\n\t\t\t\n\t\t<h2 class=\"vlt-fancy-text\" data-fancy-text=\"120 million users|1.4 million creators\" data-animation-type=\"typing\" data-typing-speed=\"50\" data-delay=\"2500\" data-type-cursor=\"yes\" data-type-cursor-symbol=\"|\" data-typing-loop=\"yes\">\n\n\t\t\t\t\t\t\t<span class=\"prefix\">OnlyFans tiene<\/span>\n\t\t\t\n\t\t\t\t\t\t\t<span class=\"strings\"><\/span>\n\t\t\t\n\t\t\t\n\t\t\t\n\t\t<\/h2>\n\n\t\t<div class=\"clearfix\"><\/div>\n\n\t\t\t<\/div>\n\t\t\t\t<\/div>\n\t\t\t\t<div class=\"elementor-element elementor-element-3e7e9b4 elementor-hidden-desktop elementor-widget elementor-widget-vlt-marquee-text\" data-id=\"3e7e9b4\" data-element_type=\"widget\" data-widget_type=\"vlt-marquee-text.default\">\n\t\t\t\t<div class=\"elementor-widget-container\">\n\t\t\t\n\t\t<div class=\"vlt-marquee-text\" data-marquee=\"1\">\n\n\t\t\t<span data-marquee-text=\"ONLYFANS HAS MORE THAN... 120M USERS.. 1.4M CREATORS... 12.5B PAID OUT IN REVENUE IN 2022 ALONE.                \">ONLYFANS HAS MORE THAN... 120M USERS.. 1.4M CREATORS... 12.5B PAID OUT IN REVENUE IN 2022 ALONE.                <\/span><span data-marquee-text=\"ONLYFANS HAS MORE THAN... 120M USERS.. 1.4M CREATORS... 12.5B PAID OUT IN REVENUE IN 2022 ALONE.                \">ONLYFANS HAS MORE THAN... 120M USERS.. 1.4M CREATORS... 12.5B PAID OUT IN REVENUE IN 2022 ALONE.                <\/span><span data-marquee-text=\"ONLYFANS HAS MORE THAN... 120M USERS.. 1.4M CREATORS... 12.5B PAID OUT IN REVENUE IN 2022 ALONE.                \">ONLYFANS HAS MORE THAN... 120M USERS.. 1.4M CREATORS... 12.5B PAID OUT IN REVENUE IN 2022 ALONE.                <\/span>\n\t\t<\/div>\n\n\t\t\t\t<\/div>\n\t\t\t\t<\/div>\n\t\t\t\t<div class=\"elementor-element elementor-element-d124f60 elementor-widget elementor-widget-text-editor\" data-id=\"d124f60\" data-element_type=\"widget\" data-widget_type=\"text-editor.default\">\n\t\t\t\t<div class=\"elementor-widget-container\">\n\t\t\t\t\t\t\t<p><\/p><p>Por lo tanto, mientras OnlyFans y la industria para adultos contin\u00faan presentando oportunidades emocionantes, aquellos que esperan dejar su huella deben estar preparados para adaptarse r\u00e1pidamente, innovar continuamente y enfrentarse a la competencia cada vez mayor.<\/p>\n<p>Todos los d\u00edas, OnlyFans da la bienvenida a cientos de nuevos creadores. Sin embargo, solo una peque\u00f1a fracci\u00f3n de ellos gana siquiera un d\u00f3lar, y un n\u00famero a\u00fan menor logra ganarse la vida con ello o ascender al Top 0.1%. Pero no dejes que estas estad\u00edsticas te desanimen o te impidan intentarlo en absoluto, a\u00fan hay esperanza para ti. <b>Top 0.1%<\/b>. But don&#8217;t let these statistics discourage you or prevent you from trying at all \u2013 there&#8217;s hope for you yet.<\/p>\n<p><\/p>\n<p>Empresas como <b>VStudios<\/b> han hecho su misi\u00f3n no solo aumentar los ingresos de los creadores establecidos, sino tambi\u00e9n apoyar al talento emergente. Se esfuerzan por ayudar a los nuevos creadores a ganar una cuota de mercado y a labrarse un sustento sostenible a trav\u00e9s de OnlyFans.<\/p>\n<p>Al proporcionar la orientaci\u00f3n necesaria, los recursos y las estrategias, agencias como VStudios est\u00e1n ayudando a nivelar el campo de juego. Su experiencia puede ofrecer un salvavidas a aquellos que est\u00e1n luchando para navegar en el mercado saturado o buscando formas de mejorar su presencia. A trav\u00e9s de una planificaci\u00f3n estrat\u00e9gica y una toma de decisiones informada, estas agencias pueden ayudarte a abrirte camino en el paisaje competitivo de OnlyFans, y potencialmente, incluso ascender al codiciado <b>Top 0.1%<\/b>.<\/p>\t\t\t\t\t\t<\/div>\n\t\t\t\t<\/div>\n\t\t\t\t<div class=\"elementor-element elementor-element-2e6a553 elementor-widget elementor-widget-vlt-button\" data-id=\"2e6a553\" data-element_type=\"widget\" data-widget_type=\"vlt-button.default\">\n\t\t\t\t<div class=\"elementor-widget-container\">\n\t\t\t\n\t\t<a class=\"vlt-btn vlt-btn--md vlt-btn--primary vlt-btn--effect\" role=\"button\" href=\"https:\/\/vstudios-agency.com\/es\/apply-now\/\">\n\n\t\t\t\n\t\t\t\u00a1APLICA AHORA!\n\t\t\t\n\t\t<\/a>\n\n\t\t\t\t<\/div>\n\t\t\t\t<\/div>\n\t\t\t\t<div class=\"elementor-element elementor-element-c32127b elementor-widget elementor-widget-heading\" data-id=\"c32127b\" data-element_type=\"widget\" data-widget_type=\"heading.default\">\n\t\t\t\t<div class=\"elementor-widget-container\">\n\t\t\t<h2 class=\"elementor-heading-title elementor-size-default\">Entonces, \u00bfseguir\u00e1 siendo rentable ONLYFANS en 2023?<\/h2>\t\t<\/div>\n\t\t\t\t<\/div>\n\t\t\t\t<div class=\"elementor-element elementor-element-8b95d5c elementor-widget elementor-widget-text-editor\" data-id=\"8b95d5c\" data-element_type=\"widget\" data-widget_type=\"text-editor.default\">\n\t\t\t\t<div class=\"elementor-widget-container\">\n\t\t\t\t\t\t\t<p>La respuesta es: S\u00ed. OnlyFans sigue siendo muy rentable, a pesar del aumento de la competencia. Es cierto que muchas personas creen que la popularidad creciente de la plataforma ha hecho que sea significativamente m\u00e1s dif\u00edcil, si no imposible, ganarse la vida. Si bien hay algo de verdad en esa perspectiva, dado el aumento de la competencia en comparaci\u00f3n con hace un a\u00f1o o dos, est\u00e1 lejos de ser el cuadro completo.<\/p><p>\u00a0<\/p>\t\t\t\t\t\t<\/div>\n\t\t\t\t<\/div>\n\t\t\t\t<div class=\"elementor-element elementor-element-4e814c5 elementor-widget elementor-widget-heading\" data-id=\"4e814c5\" data-element_type=\"widget\" data-widget_type=\"heading.default\">\n\t\t\t\t<div class=\"elementor-widget-container\">\n\t\t\t<h2 class=\"elementor-heading-title elementor-size-default\">PAGOS DE ONLYFANS A LOS CREADORES CADA A\u00d1O, EN MIL MILLONES DE USD $<\/h2>\t\t<\/div>\n\t\t\t\t<\/div>\n\t\t\t\t<div class=\"elementor-element elementor-element-6ae1a8f elementor-widget elementor-widget-jet-bar-chart\" data-id=\"6ae1a8f\" data-element_type=\"widget\" data-widget_type=\"jet-bar-chart.default\">\n\t\t\t\t<div class=\"elementor-widget-container\">\n\t\t\t<div class=\"elementor-jet-bar-chart jet-elements\">\t\t<div class=\"jet-bar-chart-container\" data-settings=\"{&quot;type&quot;:&quot;horizontalBar&quot;,&quot;data&quot;:{&quot;labels&quot;:[&quot;2019&quot;,&quot; 2020&quot;,&quot; 2021&quot;,&quot; 2022&quot;],&quot;datasets&quot;:[{&quot;label&quot;:&quot;OnlyFans Payouts&quot;,&quot;data&quot;:[0.5,2.2,5.9,12.5],&quot;bg_color&quot;:&quot;#39DBDD66&quot;,&quot;bg_hover_color&quot;:&quot;#39DBDD&quot;,&quot;border_color&quot;:&quot;#39DBDD&quot;,&quot;border_hover_color&quot;:&quot;#39DBDD&quot;,&quot;_id&quot;:&quot;e5567d2&quot;,&quot;backgroundColor&quot;:&quot;#39DBDD66&quot;,&quot;hoverBackgroundColor&quot;:&quot;#39DBDD&quot;,&quot;borderColor&quot;:&quot;#39DBDD&quot;,&quot;hoverBorderColor&quot;:&quot;#39DBDD&quot;,&quot;borderWidth&quot;:1}]},&quot;options&quot;:{&quot;tooltips&quot;:{&quot;enabled&quot;:true},&quot;legend&quot;:{&quot;display&quot;:false,&quot;position&quot;:&quot;top&quot;,&quot;reverse&quot;:false,&quot;align&quot;:&quot;center&quot;},&quot;maintainAspectRatio&quot;:false,&quot;scales&quot;:{&quot;yAxes&quot;:[{&quot;ticks&quot;:{&quot;display&quot;:true,&quot;beginAtZero&quot;:true,&quot;max&quot;:13,&quot;stepSize&quot;:1,&quot;fontColor&quot;:&quot;#929292&quot;},&quot;gridLines&quot;:{&quot;drawBorder&quot;:false,&quot;color&quot;:&quot;#9F3B3B0D&quot;}}],&quot;xAxes&quot;:[{&quot;ticks&quot;:{&quot;display&quot;:true,&quot;beginAtZero&quot;:true,&quot;max&quot;:13,&quot;stepSize&quot;:1,&quot;fontColor&quot;:&quot;#929292&quot;},&quot;gridLines&quot;:{&quot;drawBorder&quot;:false,&quot;color&quot;:&quot;#9F3B3B0D&quot;}}]}}}\" data-tooltip-prefix=\"$\" data-tooltip-suffix=\" billion\" data-tooltip-separator=\"\" data-axis-separator=\"\">\n\t\t\t<canvas class=\"jet-bar-chart\" role=\"img\"><\/canvas>\n\t\t<\/div>\n\t\t<\/div>\t\t<\/div>\n\t\t\t\t<\/div>\n\t\t\t\t<div class=\"elementor-element elementor-element-0ab428b elementor-widget elementor-widget-text-editor\" data-id=\"0ab428b\" data-element_type=\"widget\" data-widget_type=\"text-editor.default\">\n\t\t\t\t<div class=\"elementor-widget-container\">\n\t\t\t\t\t\t\t<p>El \u00e9xito en OnlyFans sigue siendo una posibilidad viable, pero exige un enfoque diferente. Los d\u00edas de simplemente crear una cuenta y esperar un \u00e9xito instant\u00e1neo han quedado atr\u00e1s. Hoy en d\u00eda, el \u00e9xito en OnlyFans requiere la configuraci\u00f3n adecuada, una estrategia robusta y bien planificada, un equipo de apoyo y una mentalidad resiliente.<\/p><p>Con estos elementos en su lugar, el \u00e9xito no es solo un sue\u00f1o; es un resultado probable. Es vital ver la creciente competencia no como un obst\u00e1culo, sino como un est\u00edmulo para la innovaci\u00f3n y la mejora. Con una s\u00f3lida estrategia y los recursos adecuados, los creadores a\u00fan pueden hacerse un hueco en la plataforma y ganarse la vida de manera rentable.<\/p><p>Por lo tanto, para responder a la pregunta: \u00bfOnlyFans sigue siendo rentable en 2023? Absolutamente. No es necesariamente f\u00e1cil, pero con determinaci\u00f3n, planificaci\u00f3n cuidadosa y el apoyo adecuado, es m\u00e1s que posible tener \u00e9xito en OnlyFans, independientemente de la competencia.<\/p>\t\t\t\t\t\t<\/div>\n\t\t\t\t<\/div>\n\t\t\t\t<div class=\"elementor-element elementor-element-779feba elementor-widget elementor-widget-heading\" data-id=\"779feba\" data-element_type=\"widget\" data-widget_type=\"heading.default\">\n\t\t\t\t<div class=\"elementor-widget-container\">\n\t\t\t<h2 class=\"elementor-heading-title elementor-size-default\">\u00bfQU\u00c9 PUEDO HACER PARA EMPEZAR A GANAR CON MI ONLYFANS?<\/h2>\t\t<\/div>\n\t\t\t\t<\/div>\n\t\t\t\t\t<\/div>\n\t\t<\/div>\n\t\t\t\t\t<\/div>\n\t\t<\/section>\n\t\t\t\t<section class=\"elementor-section elementor-top-section elementor-element elementor-element-c2e9151 elementor-section-boxed elementor-section-height-default elementor-section-height-default\" data-id=\"c2e9151\" data-element_type=\"section\" data-settings=\"{&quot;jet_parallax_layout_list&quot;:[]}\">\n\t\t\t\t\t\t<div class=\"elementor-container elementor-column-gap-default\">\n\t\t\t\t\t<div class=\"elementor-column elementor-col-100 elementor-top-column elementor-element elementor-element-6456078\" data-id=\"6456078\" data-element_type=\"column\">\n\t\t\t<div class=\"elementor-widget-wrap elementor-element-populated\">\n\t\t\t\t\t\t<div class=\"elementor-element elementor-element-5c6944e elementor-widget elementor-widget-text-editor\" data-id=\"5c6944e\" data-element_type=\"widget\" data-widget_type=\"text-editor.default\">\n\t\t\t\t<div class=\"elementor-widget-container\">\n\t\t\t\t\t\t\t<p>Si planeas comenzar tu cuenta por tu cuenta sin ninguna ayuda profesional, aqu\u00ed hay algunos consejos que podr\u00edan ayudarte a ganar alrededor de $1000 - $2000 al mes. Con suficiente tiempo y dedicaci\u00f3n, podr\u00edas escalar hasta $5000.<\/p>\n<p><\/p>\t\t\t\t\t\t<\/div>\n\t\t\t\t<\/div>\n\t\t\t\t\t<\/div>\n\t\t<\/div>\n\t\t\t\t\t<\/div>\n\t\t<\/section>\n\t\t\t\t<section class=\"elementor-section elementor-top-section elementor-element elementor-element-a721f26 elementor-section-boxed elementor-section-height-default elementor-section-height-default\" data-id=\"a721f26\" data-element_type=\"section\" data-settings=\"{&quot;jet_parallax_layout_list&quot;:[]}\">\n\t\t\t\t\t\t<div class=\"elementor-container elementor-column-gap-default\">\n\t\t\t\t\t<div class=\"elementor-column elementor-col-100 elementor-top-column elementor-element elementor-element-8a3fce6\" data-id=\"8a3fce6\" data-element_type=\"column\">\n\t\t\t<div class=\"elementor-widget-wrap elementor-element-populated\">\n\t\t\t\t\t\t<div class=\"elementor-element elementor-element-8a9ab1d elementor-widget elementor-widget-heading\" data-id=\"8a9ab1d\" data-element_type=\"widget\" data-widget_type=\"heading.default\">\n\t\t\t\t<div class=\"elementor-widget-container\">\n\t\t\t<h2 class=\"elementor-heading-title elementor-size-default\">1. TENER UNA ESTRATEGIA A PRUEBA DE BALAS<\/h2>\t\t<\/div>\n\t\t\t\t<\/div>\n\t\t\t\t<div class=\"elementor-element elementor-element-9368ef5 elementor-widget elementor-widget-text-editor\" data-id=\"9368ef5\" data-element_type=\"widget\" data-widget_type=\"text-editor.default\">\n\t\t\t\t<div class=\"elementor-widget-container\">\n\t\t\t\t\t\t\t<p>Tener una buena estrategia es crucial para el \u00e9xito en OnlyFans. Es tu mapa para una recuperaci\u00f3n r\u00e1pida durante los contratiempos, el crecimiento eficiente de los ingresos y la progresi\u00f3n general. Una estrategia robusta implica entender a tu p\u00fablico objetivo, optimizar los esfuerzos de marketing, prepararte para los posibles desaf\u00edos y revisar continuamente tu enfoque. Por lo tanto, no solo es beneficioso, sino absolutamente vital para prosperar en la plataforma siempre cambiante de OnlyFans.<\/p>\t\t\t\t\t\t<\/div>\n\t\t\t\t<\/div>\n\t\t\t\t\t<\/div>\n\t\t<\/div>\n\t\t\t\t\t<\/div>\n\t\t<\/section>\n\t\t\t\t<section class=\"elementor-section elementor-top-section elementor-element elementor-element-9b26dea elementor-section-boxed elementor-section-height-default elementor-section-height-default\" data-id=\"9b26dea\" data-element_type=\"section\" data-settings=\"{&quot;jet_parallax_layout_list&quot;:[]}\">\n\t\t\t\t\t\t<div class=\"elementor-container elementor-column-gap-default\">\n\t\t\t\t\t<div class=\"elementor-column elementor-col-100 elementor-top-column elementor-element elementor-element-8eaef05\" data-id=\"8eaef05\" data-element_type=\"column\">\n\t\t\t<div class=\"elementor-widget-wrap elementor-element-populated\">\n\t\t\t\t\t\t<div class=\"elementor-element elementor-element-bff5475 elementor-widget elementor-widget-heading\" data-id=\"bff5475\" data-element_type=\"widget\" data-widget_type=\"heading.default\">\n\t\t\t\t<div class=\"elementor-widget-container\">\n\t\t\t<h2 class=\"elementor-heading-title elementor-size-default\">2. HACER UN PLAN<\/h2>\t\t<\/div>\n\t\t\t\t<\/div>\n\t\t\t\t<div class=\"elementor-element elementor-element-cc2e9ff elementor-widget elementor-widget-text-editor\" data-id=\"cc2e9ff\" data-element_type=\"widget\" data-widget_type=\"text-editor.default\">\n\t\t\t\t<div class=\"elementor-widget-container\">\n\t\t\t\t\t\t\t<p>Para lograr tus objetivos, establecer un marco de tiempo espec\u00edfico es crucial. Define cu\u00e1ndo quieres alcanzar un objetivo particular y delinea los pasos necesarios para llegar a \u00e9l. Al planificar tus metas dentro de un tiempo definido y estrategizar en consecuencia, aumentas significativamente tus posibilidades de \u00e9xito. Este enfoque no solo proporciona una direcci\u00f3n clara, sino que tambi\u00e9n infunde un sentido de urgencia y motivaci\u00f3n, impuls\u00e1ndote hacia adelante en tu viaje.<\/p>\t\t\t\t\t\t<\/div>\n\t\t\t\t<\/div>\n\t\t\t\t\t<\/div>\n\t\t<\/div>\n\t\t\t\t\t<\/div>\n\t\t<\/section>\n\t\t\t\t<section class=\"elementor-section elementor-top-section elementor-element elementor-element-5ce3a08 elementor-section-boxed elementor-section-height-default elementor-section-height-default\" data-id=\"5ce3a08\" data-element_type=\"section\" data-settings=\"{&quot;jet_parallax_layout_list&quot;:[]}\">\n\t\t\t\t\t\t<div class=\"elementor-container elementor-column-gap-default\">\n\t\t\t\t\t<div class=\"elementor-column elementor-col-100 elementor-top-column elementor-element elementor-element-8aa92ed\" data-id=\"8aa92ed\" data-element_type=\"column\">\n\t\t\t<div class=\"elementor-widget-wrap elementor-element-populated\">\n\t\t\t\t\t\t<div class=\"elementor-element elementor-element-5006710 elementor-widget elementor-widget-heading\" data-id=\"5006710\" data-element_type=\"widget\" data-widget_type=\"heading.default\">\n\t\t\t\t<div class=\"elementor-widget-container\">\n\t\t\t<h2 class=\"elementor-heading-title elementor-size-default\">3. CONCENTRARSE EN LOS FUNDAMENTOS<\/h2>\t\t<\/div>\n\t\t\t\t<\/div>\n\t\t\t\t<div class=\"elementor-element elementor-element-69ffe56 elementor-widget elementor-widget-text-editor\" data-id=\"69ffe56\" data-element_type=\"widget\" data-widget_type=\"text-editor.default\">\n\t\t\t\t<div class=\"elementor-widget-container\">\n\t\t\t\t\t\t\t<p>A pesar de la complejidad percibida y la dificultad de construir un perfil de OnlyFans de alto rendimiento, los pasos fundamentales siguen siendo relativamente sencillos. Involucran atraer tr\u00e1fico, ganar suscriptores, mantener a tus fans comprometidos y retenerlos con el tiempo. Asegurarte de que estos elementos est\u00e9n en su lugar ya es ganar la mitad de la batalla. Por lo tanto, aunque el camino hacia el \u00e9xito en OnlyFans pueda parecer desafiante, es la ejecuci\u00f3n de estos pasos simples, pero esenciales, lo que conducir\u00e1 a resultados tangibles.<\/p><p>\u00a0<\/p>\t\t\t\t\t\t<\/div>\n\t\t\t\t<\/div>\n\t\t\t\t<div class=\"elementor-element elementor-element-a068035 elementor-widget elementor-widget-heading\" data-id=\"a068035\" data-element_type=\"widget\" data-widget_type=\"heading.default\">\n\t\t\t\t<div class=\"elementor-widget-container\">\n\t\t\t<h2 class=\"elementor-heading-title elementor-size-default\">\u00bfQU\u00c9 PUEDO HACER SI QUIERO GANAR MUCHO M\u00c1S?<\/h2>\t\t<\/div>\n\t\t\t\t<\/div>\n\t\t\t\t\t<\/div>\n\t\t<\/div>\n\t\t\t\t\t<\/div>\n\t\t<\/section>\n\t\t\t\t<section class=\"elementor-section elementor-top-section elementor-element elementor-element-4de1d63 elementor-section-boxed elementor-section-height-default elementor-section-height-default\" data-id=\"4de1d63\" data-element_type=\"section\" data-settings=\"{&quot;jet_parallax_layout_list&quot;:[]}\">\n\t\t\t\t\t\t<div class=\"elementor-container elementor-column-gap-default\">\n\t\t\t\t\t<div class=\"elementor-column elementor-col-100 elementor-top-column elementor-element elementor-element-dd7ac0a\" data-id=\"dd7ac0a\" data-element_type=\"column\">\n\t\t\t<div class=\"elementor-widget-wrap elementor-element-populated\">\n\t\t\t\t\t\t<div class=\"elementor-element elementor-element-5c69826 elementor-widget elementor-widget-text-editor\" data-id=\"5c69826\" data-element_type=\"widget\" data-widget_type=\"text-editor.default\">\n\t\t\t\t<div class=\"elementor-widget-container\">\n\t\t\t\t\t\t\t<p>Para muchos creadores, simplemente ganarse la vida no es suficiente. Anhelan convertir sus sue\u00f1os en realidad y llevar sus cuentas al l\u00edmite. Si sientes que los ingresos entre $2000 y $5000 no cumplen con tus aspiraciones, y est\u00e1s decidido a maximizar tu cuenta para potencialmente ganar $20,000, $50,000, o incluso m\u00e1s, te animamos a que solicites una cooperaci\u00f3n con nosotros a trav\u00e9s de nuestro sitio web. Nuestro equipo de reclutamiento se pondr\u00e1 en contacto contigo a la mayor brevedad posible para discutir c\u00f3mo podemos ayudar a transformar tus ambiciones en metas alcanzables.<\/p>\t\t\t\t\t\t<\/div>\n\t\t\t\t<\/div>\n\t\t\t\t\t<\/div>\n\t\t<\/div>\n\t\t\t\t\t<\/div>\n\t\t<\/section>\n\t\t\t\t<section class=\"elementor-section elementor-top-section elementor-element elementor-element-29726d7 elementor-section-boxed elementor-section-height-default elementor-section-height-default\" data-id=\"29726d7\" data-element_type=\"section\" data-settings=\"{&quot;jet_parallax_layout_list&quot;:[]}\">\n\t\t\t\t\t\t<div class=\"elementor-container elementor-column-gap-default\">\n\t\t\t\t\t<div class=\"elementor-column elementor-col-50 elementor-top-column elementor-element elementor-element-d88b5da\" data-id=\"d88b5da\" data-element_type=\"column\">\n\t\t\t<div class=\"elementor-widget-wrap elementor-element-populated\">\n\t\t\t\t\t\t<div class=\"elementor-element elementor-element-426b65f elementor-widget elementor-widget-vlt-button\" data-id=\"426b65f\" data-element_type=\"widget\" data-widget_type=\"vlt-button.default\">\n\t\t\t\t<div class=\"elementor-widget-container\">\n\t\t\t\n\t\t<a class=\"vlt-btn vlt-btn--md vlt-btn--primary vlt-btn--effect\" role=\"button\" href=\"https:\/\/vstudios-agency.com\/es\/apply-now\/\">\n\n\t\t\t\n\t\t\t\u00a1APLICA AHORA!\n\t\t\t\n\t\t<\/a>\n\n\t\t\t\t<\/div>\n\t\t\t\t<\/div>\n\t\t\t\t\t<\/div>\n\t\t<\/div>\n\t\t\t\t<div class=\"elementor-column elementor-col-50 elementor-top-column elementor-element elementor-element-1ae445e\" data-id=\"1ae445e\" data-element_type=\"column\">\n\t\t\t<div class=\"elementor-widget-wrap elementor-element-populated\">\n\t\t\t\t\t\t<div class=\"elementor-element elementor-element-f0ff376 elementor-widget elementor-widget-vlt-button\" data-id=\"f0ff376\" data-element_type=\"widget\" data-widget_type=\"vlt-button.default\">\n\t\t\t\t<div class=\"elementor-widget-container\">\n\t\t\t\n\t\t<a class=\"vlt-btn vlt-btn--md vlt-btn--primary vlt-btn--effect\" role=\"button\" href=\"https:\/\/vstudios-agency.com\/es\/\">\n\n\t\t\t\n\t\t\tPagina principal\n\t\t\t\n\t\t<\/a>\n\n\t\t\t\t<\/div>\n\t\t\t\t<\/div>\n\t\t\t\t\t<\/div>\n\t\t<\/div>\n\t\t\t\t\t<\/div>\n\t\t<\/section>\n\t\t\t\t<\/div>","protected":false},"excerpt":{"rendered":"<p>ABOUT ONLYFANS Over the past few years, considerable change has been afoot. OnlyFans, once a relatively diminutive, nearly niche platform, has skyrocketed in popularity. Hardly any industry evolves as swiftly or as dramatically as the adult industry does. It consistently presents new strategies and offers abundant earning opportunities. Yet, for all these advantages, there&#8217;s a [&hellip;]<\/p>","protected":false},"author":1,"featured_media":0,"parent":0,"menu_order":0,"comment_status":"closed","ping_status":"closed","template":"","meta":{"om_disable_all_campaigns":false,"_monsterinsights_skip_tracking":false,"_monsterinsights_sitenote_active":false,"_monsterinsights_sitenote_note":"","_monsterinsights_sitenote_category":0,"_vp_format_video_url":"","_vp_image_focal_point":[],"footnotes":""},"class_list":["post-7019","page","type-page","status-publish","hentry"],"acf":[],"aioseo_notices":[],"_links":{"self":[{"href":"https:\/\/vstudios-agency.com\/es\/wp-json\/wp\/v2\/pages\/7019","targetHints":{"allow":["GET"]}}],"collection":[{"href":"https:\/\/vstudios-agency.com\/es\/wp-json\/wp\/v2\/pages"}],"about":[{"href":"https:\/\/vstudios-agency.com\/es\/wp-json\/wp\/v2\/types\/page"}],"author":[{"embeddable":true,"href":"https:\/\/vstudios-agency.com\/es\/wp-json\/wp\/v2\/users\/1"}],"replies":[{"embeddable":true,"href":"https:\/\/vstudios-agency.com\/es\/wp-json\/wp\/v2\/comments?post=7019"}],"version-history":[{"count":144,"href":"https:\/\/vstudios-agency.com\/es\/wp-json\/wp\/v2\/pages\/7019\/revisions"}],"predecessor-version":[{"id":7399,"href":"https:\/\/vstudios-agency.com\/es\/wp-json\/wp\/v2\/pages\/7019\/revisions\/7399"}],"wp:attachment":[{"href":"https:\/\/vstudios-agency.com\/es\/wp-json\/wp\/v2\/media?parent=7019"}],"curies":[{"name":"wp","href":"https:\/\/api.w.org\/{rel}","templated":true}]}}