{"id":6906,"date":"2023-06-04T13:19:41","date_gmt":"2023-06-04T13:19:41","guid":{"rendered":"https:\/\/vstudios-agency.com\/?page_id=6906"},"modified":"2023-06-16T16:00:33","modified_gmt":"2023-06-16T16:00:33","slug":"about-us","status":"publish","type":"page","link":"https:\/\/vstudios-agency.com\/es\/about-us\/","title":{"rendered":"Sobre nosotros"},"content":{"rendered":"<div data-elementor-type=\"wp-page\" data-elementor-id=\"6906\" class=\"elementor elementor-6906\" data-elementor-post-type=\"page\">\n\t\t\t\t\t\t<section class=\"elementor-section elementor-top-section elementor-element elementor-element-ff64cc2 elementor-section-boxed elementor-section-height-default elementor-section-height-default\" data-id=\"ff64cc2\" data-element_type=\"section\" data-settings=\"{&quot;jet_parallax_layout_list&quot;:[]}\">\n\t\t\t\t\t\t<div class=\"elementor-container elementor-column-gap-default\">\n\t\t\t\t\t<div class=\"elementor-column elementor-col-100 elementor-top-column elementor-element elementor-element-c0875f4\" data-id=\"c0875f4\" data-element_type=\"column\">\n\t\t\t<div class=\"elementor-widget-wrap elementor-element-populated\">\n\t\t\t\t\t\t<div class=\"elementor-element elementor-element-106d2c8 elementor-widget elementor-widget-heading\" data-id=\"106d2c8\" data-element_type=\"widget\" data-widget_type=\"heading.default\">\n\t\t\t\t<div class=\"elementor-widget-container\">\n\t\t\t<h2 class=\"elementor-heading-title elementor-size-default\">C\u00f3mo empez\u00f3 todo<\/h2>\t\t<\/div>\n\t\t\t\t<\/div>\n\t\t\t\t<div class=\"elementor-element elementor-element-25f2305 elementor-widget elementor-widget-text-editor\" data-id=\"25f2305\" data-element_type=\"widget\" data-widget_type=\"text-editor.default\">\n\t\t\t\t<div class=\"elementor-widget-container\">\n\t\t\t\t\t\t\t<p>VStudios, una agencia de modelos progresista, fue establecida <b>en 2019<\/b> con dos objetivos claros en mente: <b>aumentar tus ingresos<\/b> y <b>simplificar tu vida<\/b>, lo que a su vez minimiza el estr\u00e9s.<\/p><p>En nuestros primeros d\u00edas como agencia de modelos, notamos r\u00e1pidamente una creciente demanda de <b>apoyo en redes sociales<\/b> y <b>gesti\u00f3n de modelos<\/b> una demanda como nunca antes. Aprovechando nuestra relaci\u00f3n preexistente y experiencia con los modelos, acogimos esta oportunidad. Nuestra agencia se adapt\u00f3 r\u00e1pidamente, y nos encontramos ayudando a nuestros modelos a alcanzar un \u00e9xito sin precedentes en tiempo r\u00e9cord.<\/p><p>Nuestro equipo est\u00e1 compuesto por experimentados gerentes de marketing, especialistas en promociones y expertos en conversaci\u00f3n, cada uno dedicado a una tarea: analizar y comprender las siempre cambiantes demandas de contenido de la era digital. Nuestro enfoque siempre ha sido <b>maximizar<\/b> el potencial de tu cuenta y, a su vez, <b>tus ingresos.<\/b>.<\/p><p>Desde nuestro inicio, hemos ayudado a m\u00e1s de <b>70 clientes<\/b> a realizar sus objetivos, desde mejorar su calidad de vida, apoyar financieramente a sus familias, hasta hacer generosas contribuciones destinadas a crear un mundo mejor. Las posibilidades son ilimitadas, y con nosotros, tambi\u00e9n lo es tu potencial de ganancias.<\/p><p>Cuando eliges trabajar con nosotros, se te asigna un <b>gerente de marketing personal.<\/b>Este gerente ser\u00e1 tu contacto principal para cualquier pregunta, tu socio estrat\u00e9gico en la planificaci\u00f3n del \u00e9xito, y tu gu\u00eda constante en tu camino hacia tu primer <b>mes de 5 cifras<\/b>.<\/p><p>En VStudios, nos enorgullece nuestra <b>sinceridad<\/b>, <b>fiabilidad<\/b>, e <b>promover un ambiente de trabajo familiar<\/b>. Nuestro ethos profesional est\u00e1 respaldado por estos valores, convirti\u00e9ndolos en la piedra angular de todo lo que hacemos.<\/p><p>Tu seguridad es de suma importancia para nosotros. Entendemos que nuestro \u00e9xito se basa en la confianza, por lo que vamos m\u00e1s all\u00e1 para asegurarnos de que tu confianza en nosotros como agencia est\u00e1 bien colocada y recompensada. Para nosotros <b>la confianza no es solo un concepto<\/b>; <b>es una relaci\u00f3n que nos esforzamos por mantener y fortalecer todos los d\u00edas.<\/b><\/p><p>VStudios no es s\u00f3lo una agencia. Somos una <b>comunidad<\/b>, un <b>sistema de apoyo<\/b>, e <b>y tu socio en el \u00e9xito<\/b>. Creemos que <b>juntos ,podemos redefinir lo que significa tener \u00e9xito en el mundo digital.<\/b><\/p><p>\u00a0<\/p>\t\t\t\t\t\t<\/div>\n\t\t\t\t<\/div>\n\t\t\t\t<div class=\"elementor-element elementor-element-d054bc6 elementor-widget elementor-widget-heading\" data-id=\"d054bc6\" data-element_type=\"widget\" data-widget_type=\"heading.default\">\n\t\t\t\t<div class=\"elementor-widget-container\">\n\t\t\t<h2 class=\"elementor-heading-title elementor-size-default\">LA \u00c9TICA DETR\u00c1S DE NUESTRO \u00c9XITO<\/h2>\t\t<\/div>\n\t\t\t\t<\/div>\n\t\t\t\t<div class=\"elementor-element elementor-element-3f60c82 elementor-widget elementor-widget-text-editor\" data-id=\"3f60c82\" data-element_type=\"widget\" data-widget_type=\"text-editor.default\">\n\t\t\t\t<div class=\"elementor-widget-container\">\n\t\t\t\t\t\t\t<p>En VStudios, nuestro enfoque de trabajo <b>se basa en una fuerte \u00e9tica laboral<\/b> y una <b>una comprensi\u00f3n din\u00e1mica<\/b> de los mercados en los que operamos. Nuestras <b>relaciones cooperativas<\/b> con nuestros modelos se fundamentan en <b>estrategias progresistas<\/b>, <b>un meticuloso an\u00e1lisis de tendencias<\/b>, y un <b>compromiso inquebrantable con la confianza.<\/b><\/p><p>Creemos en estar siempre un paso adelante. En un mundo donde las tendencias cambian a un ritmo vertiginoso, la importancia de mantenerse al d\u00eda con lo actual no puede ser sobrestimada. Nuestro equipo monitoriza continuamente el panorama de las redes sociales, analizando y anticipando las \u00faltimas tendencias. Trabajamos <b>incansablemente<\/b> para asegurarnos de que nuestros modelos no solo sigan el ritmo, sino que est\u00e9n <b>a la vanguardia, liderando el grupo.<\/b><\/p><p><b>La confianza<\/b>, para nosotros, <b>es m\u00e1s que una virtud<\/b> &#8211; <b>es la base de nuestras asociaciones<\/b>. Entendemos que nuestros modelos nos conf\u00edan sus carreras y ambiciones, y no tomamos esto a la ligera. La confianza de nuestros modelos en nosotros se corresponde con transparencia, comunicaci\u00f3n regular y apoyo constante. Creemos en <b>construir relaciones<\/b> que perduran, basadas en <b>el respeto mutuo<\/b>, <b>objetivos compartidos<\/b>, e <b>integridad<\/b>.<\/p><p>A medida que el mercado se <b>vuelve cada vez m\u00e1s complejo<\/b>nuestro enfoque evoluciona en correspondencia. Nuestro modus operandi no est\u00e1 escrito en piedra; en cambio, es tan <b>fluido como los mercados<\/b> que navegamos. Aceptamos <b>el cambio<\/b>, no temi\u00e9ndolo, sino aprovech\u00e1ndolo para identificar nuevas oportunidades y v\u00edas de <b>crecimiento<\/b>.<\/p><p>El paisaje de OnlyFans, en particular, requiere una <b>comprensi\u00f3n astuta y una gesti\u00f3n reflexiva<\/b>. El profundo <b>conocimiento<\/b> de nuestro equipo sobre esta plataforma, combinado con nuestras <b>t\u00e1cticas innovadoras<\/b>asegura que nuestros modelos puedan prosperar dentro de ella. Comprendemos que la clave para desbloquear el \u00e9xito en OnlyFans radica en la <b>planificaci\u00f3n estrat\u00e9gica<\/b>, <b>el contenido atractivo<\/b>, e <b>un meticuloso an\u00e1lisis de tendencias<\/b> - todos aspectos en los que destacamos<\/p><p>En <b>VStudios<\/b>, no solo buscamos lograr victorias r\u00e1pidas; estamos en esto a <b>largo plazo<\/b>. Nuestro objetivo es <b>cultivar un \u00e9xito<\/b> <b>sostenible<\/b> para nuestros modelos, construido sobre <b>una s\u00f3lida base de confianza<\/b>, <b>comprensi\u00f3n<\/b>, e <b>previsi\u00f3n estrat\u00e9gica<\/b>.\u00a0<\/p><p><b><u>No somos solo tu agencia; somos tus socios en el \u00e9xito, <\/u><\/b><u><b>trazando el camino hacia un futuro lucrativo en OnlyFans y m\u00e1s all\u00e1.<\/b><\/u>.<\/p><p>\u00a0<\/p>\t\t\t\t\t\t<\/div>\n\t\t\t\t<\/div>\n\t\t\t\t\t<\/div>\n\t\t<\/div>\n\t\t\t\t\t<\/div>\n\t\t<\/section>\n\t\t\t\t<section class=\"elementor-section elementor-top-section elementor-element elementor-element-9f78196 elementor-section-boxed elementor-section-height-default elementor-section-height-default\" data-id=\"9f78196\" data-element_type=\"section\" data-settings=\"{&quot;jet_parallax_layout_list&quot;:[]}\">\n\t\t\t\t\t\t<div class=\"elementor-container elementor-column-gap-default\">\n\t\t\t\t\t<div class=\"elementor-column elementor-col-100 elementor-top-column elementor-element elementor-element-de608f1\" data-id=\"de608f1\" data-element_type=\"column\">\n\t\t\t<div class=\"elementor-widget-wrap elementor-element-populated\">\n\t\t\t\t\t\t<div class=\"elementor-element elementor-element-e9f679e elementor-widget elementor-widget-text-editor\" data-id=\"e9f679e\" data-element_type=\"widget\" data-widget_type=\"text-editor.default\">\n\t\t\t\t<div class=\"elementor-widget-container\">\n\t\t\t\t\t\t\t<p>En caso de que est\u00e9s interesado en una cooperaci\u00f3n, no dudes en contactarnos o aplicar directamente para obtener m\u00e1s informaci\u00f3n.<\/p>\t\t\t\t\t\t<\/div>\n\t\t\t\t<\/div>\n\t\t\t\t<div class=\"elementor-element elementor-element-de961f2 elementor-widget elementor-widget-vlt-button\" data-id=\"de961f2\" data-element_type=\"widget\" data-widget_type=\"vlt-button.default\">\n\t\t\t\t<div class=\"elementor-widget-container\">\n\t\t\t\n\t\t<a class=\"vlt-btn vlt-btn--md vlt-btn--primary vlt-btn--effect\" role=\"button\" href=\"https:\/\/vstudios-agency.com\/es\/apply-now\/\">\n\n\t\t\t\n\t\t\t\u00a1APLICA AHORA!\n\t\t\t\n\t\t<\/a>\n\n\t\t\t\t<\/div>\n\t\t\t\t<\/div>\n\t\t\t\t<div class=\"elementor-element elementor-element-99f552c elementor-widget elementor-widget-vlt-button\" data-id=\"99f552c\" data-element_type=\"widget\" data-widget_type=\"vlt-button.default\">\n\t\t\t\t<div class=\"elementor-widget-container\">\n\t\t\t\n\t\t<a class=\"vlt-btn vlt-btn--md vlt-btn--primary vlt-btn--effect\" role=\"button\" href=\"\/es\/www.vstudios-agency.com\/\">\n\n\t\t\t\n\t\t\tPagina principal\n\t\t\t\n\t\t<\/a>\n\n\t\t\t\t<\/div>\n\t\t\t\t<\/div>\n\t\t\t\t\t<\/div>\n\t\t<\/div>\n\t\t\t\t\t<\/div>\n\t\t<\/section>\n\t\t\t\t<\/div>","protected":false},"excerpt":{"rendered":"<p>HOw everything began VStudios, a forward-thinking model agency, was established in 2019 with two core objectives in mind: augmenting your revenue and simplifying your life, thereby minimizing stress. In our early days as a model agency, we quickly noticed an escalating demand for social media support and model management &#8211; a demand like never before. [&hellip;]<\/p>","protected":false},"author":1,"featured_media":0,"parent":0,"menu_order":0,"comment_status":"closed","ping_status":"closed","template":"","meta":{"om_disable_all_campaigns":false,"_monsterinsights_skip_tracking":false,"_monsterinsights_sitenote_active":false,"_monsterinsights_sitenote_note":"","_monsterinsights_sitenote_category":0,"_vp_format_video_url":"","_vp_image_focal_point":[],"footnotes":""},"class_list":["post-6906","page","type-page","status-publish","hentry"],"acf":[],"aioseo_notices":[],"_links":{"self":[{"href":"https:\/\/vstudios-agency.com\/es\/wp-json\/wp\/v2\/pages\/6906","targetHints":{"allow":["GET"]}}],"collection":[{"href":"https:\/\/vstudios-agency.com\/es\/wp-json\/wp\/v2\/pages"}],"about":[{"href":"https:\/\/vstudios-agency.com\/es\/wp-json\/wp\/v2\/types\/page"}],"author":[{"embeddable":true,"href":"https:\/\/vstudios-agency.com\/es\/wp-json\/wp\/v2\/users\/1"}],"replies":[{"embeddable":true,"href":"https:\/\/vstudios-agency.com\/es\/wp-json\/wp\/v2\/comments?post=6906"}],"version-history":[{"count":22,"href":"https:\/\/vstudios-agency.com\/es\/wp-json\/wp\/v2\/pages\/6906\/revisions"}],"predecessor-version":[{"id":7419,"href":"https:\/\/vstudios-agency.com\/es\/wp-json\/wp\/v2\/pages\/6906\/revisions\/7419"}],"wp:attachment":[{"href":"https:\/\/vstudios-agency.com\/es\/wp-json\/wp\/v2\/media?parent=6906"}],"curies":[{"name":"wp","href":"https:\/\/api.w.org\/{rel}","templated":true}]}}